{"id":12849,"date":"2021-01-26T16:03:34","date_gmt":"2021-01-26T14:03:34","guid":{"rendered":"http:\/\/de.dispocars.com\/sobre-nosotras\/"},"modified":"2021-02-04T16:11:40","modified_gmt":"2021-02-04T14:11:40","slug":"sobre-nosotras","status":"publish","type":"page","link":"https:\/\/dispocars.de\/es\/sobre-nosotras\/","title":{"rendered":"Sobre nosotras"},"content":{"rendered":"<div class=\"wpb-content-wrapper\"><p>[vc_row][vc_column][vc_empty_space height=\u00bb60px\u00bb][\/vc_column][\/vc_row][vc_row][vc_column width=\u00bb1\/2&#8243;][vc_single_image image=\u00bb9993&#8243; img_size=\u00bbfull\u00bb alignment=\u00bbcenter\u00bb css_animation=\u00bbnone\u00bb][vc_column_text el_class=\u00bbst-aboutus-title\u00bb]<\/p>\n<h3>Nuestra historia<\/h3>\n<p>[\/vc_column_text][vc_column_text el_class=\u00bbst-aboutus-content\u00bb]DispoCars se est\u00e1 convirtiendo en la mayor base de datos de empresas de transporte terrestre del mundo. Todos los datos introducidos por los proveedores de servicios locales se distribuyen de diversas maneras en todo el mundo, para ayudar a los viajeros, agencias de viajes y operadores tur\u00edsticos a llegar a cualquier lugar del mundo en segundos.<\/p>\n<p>DispoCars es una nueva marca creada por el equipo de OsaBus en 2020. Es un equipo de profesionales con una s\u00f3lida trayectoria en el sector desde 2013.[\/vc_column_text][vc_empty_space height=\u00bb30px\u00bb][\/vc_column][vc_column width=\u00bb1\/2&#8243;][vc_single_image image=\u00bb10007&#8243; img_size=\u00bbfull\u00bb alignment=\u00bbcenter\u00bb][vc_column_text el_class=\u00bbst-aboutus-title\u00bb]<\/p>\n<h3>Nuestra misi\u00f3n<\/h3>\n<p>[\/vc_column_text][vc_column_text el_class=\u00bbst-aboutus-content\u00bb]Estamos creando la mayor comunidad de transporte terrestre del mundo. Apoyados en la tecnolog\u00eda, estamos en capacidad de ayudar a nuestros socios a hacer crecer sus negocios y conectarse a los sistemas de distribuci\u00f3n global para obtener m\u00e1s reservas y facilitar la movilidad.<\/p>\n<p>\u00danase a nuestro sistema como cliente o como socio y experimente el poder de la tecnolog\u00eda.[\/vc_column_text][vc_empty_space height=\u00bb30px\u00bb][\/vc_column][\/vc_row][vc_row][vc_column][vc_empty_space height=\u00bb20px\u00bb][st_about_us_statistic list_statistic=\u00bb%5B%7B%22main_text%22%3A%2210k%2B%22%2C%22sub_text%22%3A%22Socios%22%2C%22desc%22%3A%22M%C3%A1s%20de%2010000%20socios%20en%20todo%20el%20mundo.%22%7D%2C%7B%22main_text%22%3A%22900%2B%22%2C%22sub_text%22%3A%22Aeropuertos%22%2C%22desc%22%3A%22Servicios%20de%20traslado%20al%20aeropuerto%20en%20todo%20el%20mundo.%22%7D%2C%7B%22main_text%22%3A%221200%2B%22%2C%22sub_text%22%3A%22Destinos%22%2C%22desc%22%3A%22No%20importa%20a%20d%C3%B3nde%20vaya%2C%20DispoCars%20est%C3%A1%20ah%C3%AD%20para%20usted.%22%7D%2C%7B%22main_text%22%3A%22150%2B%22%2C%22sub_text%22%3A%22Pa%C3%ADses%22%2C%22desc%22%3A%22Nuestros%20servicios%20est%C3%A1n%20disponibles%20en%20todo%20el%20mundo.%22%7D%5D\u00bb undefined=\u00bb\u00bb][vc_empty_space height=\u00bb65px\u00bb][st_about_us_info_new image=\u00bb9945&#8243; name=\u00bbOskars L\u016bsis\u00bb position=\u00bbCEO\u00bb more_info=\u00bbComo cliente, con una sola solicitud, usted puede llegar a todos los proveedores de servicios locales que le interesen, ya sea en su pa\u00eds o en cualquier parte del mundo. Realice una solicitud a trav\u00e9s de nuestro sitio web o de nuestras avanzadas aplicaciones m\u00f3viles. Como socio, usted puede disfrutar de libertad de trabajo y aceptar s\u00f3lo las reservas y solicitudes que mejor se adapten a sus necesidades. Reciba m\u00e1s negocios que nunca.\u00bb][vc_empty_space height=\u00bb65px\u00bb][\/vc_column][\/vc_row]<\/p>\n<\/div>","protected":false},"excerpt":{"rendered":"<p>[vc_row][vc_column][vc_empty_space height=\u00bb60px\u00bb][\/vc_column][\/vc_row][vc_row][vc_column width=\u00bb1\/2&#8243;][vc_single_image image=\u00bb9993&#8243; img_size=\u00bbfull\u00bb alignment=\u00bbcenter\u00bb css_animation=\u00bbnone\u00bb][vc_column_text el_class=\u00bbst-aboutus-title\u00bb] Nuestra historia [\/vc_column_text][vc_column_text el_class=\u00bbst-aboutus-content\u00bb]DispoCars se est\u00e1 convirtiendo en la mayor base de<\/p>\n","protected":false},"author":1,"featured_media":11183,"parent":0,"menu_order":0,"comment_status":"closed","ping_status":"closed","template":"","meta":{"footnotes":""},"_links":{"self":[{"href":"https:\/\/dispocars.de\/es\/wp-json\/wp\/v2\/pages\/12849"}],"collection":[{"href":"https:\/\/dispocars.de\/es\/wp-json\/wp\/v2\/pages"}],"about":[{"href":"https:\/\/dispocars.de\/es\/wp-json\/wp\/v2\/types\/page"}],"author":[{"embeddable":true,"href":"https:\/\/dispocars.de\/es\/wp-json\/wp\/v2\/users\/1"}],"replies":[{"embeddable":true,"href":"https:\/\/dispocars.de\/es\/wp-json\/wp\/v2\/comments?post=12849"}],"version-history":[{"count":0,"href":"https:\/\/dispocars.de\/es\/wp-json\/wp\/v2\/pages\/12849\/revisions"}],"wp:featuredmedia":[{"embeddable":true,"href":"https:\/\/dispocars.de\/es\/wp-json\/wp\/v2\/media\/11183"}],"wp:attachment":[{"href":"https:\/\/dispocars.de\/es\/wp-json\/wp\/v2\/media?parent=12849"}],"curies":[{"name":"wp","href":"https:\/\/api.w.org\/{rel}","templated":true}]}}