{"id":12880,"date":"2021-01-26T16:56:19","date_gmt":"2021-01-26T14:56:19","guid":{"rendered":"http:\/\/de.dispocars.com\/convertirse-en-un-companero\/"},"modified":"2021-02-04T16:14:03","modified_gmt":"2021-02-04T14:14:03","slug":"convertirse-en-un-companero","status":"publish","type":"page","link":"https:\/\/dispocars.de\/es\/convertirse-en-un-companero\/","title":{"rendered":"Convertirse en un compa\u00f1ero"},"content":{"rendered":"<div class=\"wpb-content-wrapper\"><p>[vc_row full_width=\u00bbstretch_row_content_no_spaces\u00bb css=\u00bb.vc_custom_1609783691711{padding-top: 150px !important;padding-bottom: 150px !important;background-image: url(http:\/\/dispocars.de\/wp-content\/uploads\/2021\/01\/become-partner-passenger-transportation-2-1.jpg?id=9912) !important;background-position: center !important;background-repeat: no-repeat !important;background-size: cover !important;}\u00bb el_class=\u00bbtext-center st-become-banner\u00bb][vc_column][vc_column_text]<\/p>\n<h2 style=\"text-align: center;\"><span style=\"color: #ffffff;\">\u00bfDesea ganar m\u00e1s trabajando en el negocio del transporte de pasajeros?<\/span><\/h2>\n<h4 style=\"text-align: center;\"><span style=\"color: #ffffff;\">Reg\u00edstrese con nosotros y al instante, empiece a recibir nuevas reservas\/solicitudes.<\/span><\/h4>\n<p>[\/vc_column_text][vc_column_text]<a class=\"signup btn btn-danger btn-lg\" href=\"http:\/\/dispocars.de\/supplier\/login\" target=\"_blank\" rel=\"noopener noreferrer\" data-toggle=\"modal\">Reg\u00edstrate ahora<\/a>[\/vc_column_text][\/vc_column][\/vc_row][vc_row][vc_column][vc_empty_space height=\u00bb45px\u00bb][vc_column_text]<\/p>\n<h2 style=\"text-align: center;\"><strong>\u00bfC\u00f3mo funciona?<\/strong><\/h2>\n<p>[\/vc_column_text][vc_empty_space height=\u00bb10px\u00bb][\/vc_column][\/vc_row][vc_row el_class=\u00bbst-number-box\u00bb][vc_column width=\u00bb1\/3&#8243;][vc_row_inner][vc_column_inner width=\u00bb1\/4&#8243;][vc_column_text el_class=\u00bbst-number-circle\u00bb]1[\/vc_column_text][\/vc_column_inner][vc_column_inner width=\u00bb3\/4&#8243;][vc_column_text]<\/p>\n<h3>Registro<\/h3>\n<p>Reg\u00edstrese y suba todos los documentos necesarios.[\/vc_column_text][\/vc_column_inner][\/vc_row_inner][\/vc_column][vc_column width=\u00bb1\/3&#8243;][vc_row_inner][vc_column_inner width=\u00bb1\/4&#8243;][vc_column_text el_class=\u00bbst-number-circle\u00bb]2[\/vc_column_text][\/vc_column_inner][vc_column_inner width=\u00bb3\/4&#8243;][vc_column_text]<\/p>\n<h3>A\u00f1ada sus veh\u00edculos<\/h3>\n<p>A\u00f1ada toda la informaci\u00f3n sobre su flota de veh\u00edculos y precios.[\/vc_column_text][\/vc_column_inner][\/vc_row_inner][\/vc_column][vc_column width=\u00bb1\/3&#8243;][vc_row_inner][vc_column_inner width=\u00bb1\/4&#8243;][vc_column_text el_class=\u00bbst-number-circle\u00bb]3[\/vc_column_text][\/vc_column_inner][vc_column_inner width=\u00bb3\/4&#8243;][vc_column_text]<\/p>\n<h3>Obtenga reservas\/solicitudes<\/h3>\n<p>Comience a recibir reservas y solicitudes de clientes.[\/vc_column_text][\/vc_column_inner][\/vc_row_inner][\/vc_column][\/vc_row][vc_row el_class=\u00bbst-become-feature-wrapper text-center\u00bb][vc_column][vc_empty_space height=\u00bb20px\u00bb][vc_single_image image=\u00bb17273&#8243; img_size=\u00bbfull\u00bb alignment=\u00bbcenter\u00bb][vc_empty_space height=\u00bb40px\u00bb][vc_column_text]<\/p>\n<h2 style=\"text-align: center;\"><strong>Por qu\u00e9 ser un experto local<br \/>\n<\/strong><\/h2>\n<p>[\/vc_column_text][vc_empty_space height=\u00bb15px\u00bb][vc_row_inner el_class=\u00bbst-become-feature text-center\u00bb][vc_column_inner el_class=\u00bbcolumn1&#8243; width=\u00bb1\/3&#8243;][vc_single_image image=\u00bb10462&#8243; img_size=\u00bbfull\u00bb alignment=\u00bbcenter\u00bb][vc_column_text css=\u00bb.vc_custom_1610458595973{padding-top: 0.5px !important;}\u00bb]<\/p>\n<h3>Obtenga un ingreso adicional.<\/h3>\n<p>[\/vc_column_text][vc_column_text]Haga crecer su negocio con nosotros y gane dinero en el proceso.[\/vc_column_text][\/vc_column_inner][vc_column_inner width=\u00bb1\/3&#8243;][vc_single_image image=\u00bb10476&#8243; img_size=\u00bbfull\u00bb alignment=\u00bbcenter\u00bb][vc_column_text css=\u00bb.vc_custom_1610459227945{padding-top: 3px !important;}\u00bb]<\/p>\n<h3>Forme parte de una red mundial.<\/h3>\n<p>[\/vc_column_text][vc_column_text]Forme parte de la mayor red de transporte de pasajeros del mundo.[\/vc_column_text][\/vc_column_inner][vc_column_inner width=\u00bb1\/3&#8243;][vc_single_image image=\u00bb10490&#8243; img_size=\u00bbfull\u00bb alignment=\u00bbcenter\u00bb][vc_column_text css=\u00bb.vc_custom_1610459233875{padding-top: 2px !important;}\u00bb]<\/p>\n<h3>Escale con la tecnolog\u00eda.<\/h3>\n<p>[\/vc_column_text][vc_column_text]Lleve su negocio a nuevas alturas con nuestras soluciones tecnol\u00f3gicas.[\/vc_column_text][\/vc_column_inner][\/vc_row_inner][vc_empty_space height=\u00bb15px\u00bb][vc_column_text]<a class=\"signup btn btn-danger btn-lg\" href=\"http:\/\/dispocars.de\/supplier\/login\" target=\"_blank\" rel=\"noopener noreferrer\" data-toggle=\"modal\">Reg\u00edstrate ahora<\/a>[\/vc_column_text][vc_empty_space height=\u00bb45px\u00bb][vc_separator border_width=\u00bb2&#8243;][vc_empty_space height=\u00bb1px\u00bb][vc_column_text]<\/p>\n<h2 style=\"text-align: center;\"><strong>Preguntas m\u00e1s frecuentes<\/strong><\/h2>\n<p>[\/vc_column_text][\/vc_column][\/vc_row][vc_row el_class=\u00bbst-become-faqs\u00bb][vc_column width=\u00bb1\/2&#8243;][vc_column_text]<\/p>\n<h3><img decoding=\"async\" class=\"alignnone size-full wp-image-10165\" src=\"http:\/\/dispocars.de\/wp-content\/uploads\/2021\/01\/faq-dispocars.png\" alt=\"\" width=\"35\" height=\"35\" srcset=\"https:\/\/dispocars.de\/wp-content\/uploads\/sites\/3\/2021\/01\/faq-dispocars.png 35w, https:\/\/dispocars.de\/wp-content\/uploads\/sites\/3\/2021\/01\/faq-dispocars-300x300.png 300w, https:\/\/dispocars.de\/wp-content\/uploads\/sites\/3\/2021\/01\/faq-dispocars-1024x1024.png 1024w, https:\/\/dispocars.de\/wp-content\/uploads\/sites\/3\/2021\/01\/faq-dispocars-150x150.png 150w, https:\/\/dispocars.de\/wp-content\/uploads\/sites\/3\/2021\/01\/faq-dispocars-768x768.png 768w, https:\/\/dispocars.de\/wp-content\/uploads\/sites\/3\/2021\/01\/faq-dispocars-1536x1536.png 1536w, https:\/\/dispocars.de\/wp-content\/uploads\/sites\/3\/2021\/01\/faq-dispocars-2048x2048.png 2048w\" sizes=\"(max-width: 35px) 100vw, 35px\" \/>\u00a0\u00bfQui\u00e9n se puede registrar en Dispocars?<\/h3>\n<p>Cualquier persona con transporte (autom\u00f3viles, minivans, minibuses, autobuses, limusinas, etc.), licencia de transporte y debe estar registrado como empresa o independiente.[\/vc_column_text][vc_empty_space height=\u00bb40px\u00bb][vc_separator][vc_empty_space height=\u00bb1px\u00bb][vc_column_text]<\/p>\n<h3><img decoding=\"async\" class=\"alignnone wp-image-10165 size-full\" src=\"http:\/\/dispocars.de\/wp-content\/uploads\/2021\/01\/faq-dispocars.png\" alt=\"\" width=\"35\" height=\"35\" srcset=\"https:\/\/dispocars.de\/wp-content\/uploads\/sites\/3\/2021\/01\/faq-dispocars.png 35w, https:\/\/dispocars.de\/wp-content\/uploads\/sites\/3\/2021\/01\/faq-dispocars-300x300.png 300w, https:\/\/dispocars.de\/wp-content\/uploads\/sites\/3\/2021\/01\/faq-dispocars-1024x1024.png 1024w, https:\/\/dispocars.de\/wp-content\/uploads\/sites\/3\/2021\/01\/faq-dispocars-150x150.png 150w, https:\/\/dispocars.de\/wp-content\/uploads\/sites\/3\/2021\/01\/faq-dispocars-768x768.png 768w, https:\/\/dispocars.de\/wp-content\/uploads\/sites\/3\/2021\/01\/faq-dispocars-1536x1536.png 1536w, https:\/\/dispocars.de\/wp-content\/uploads\/sites\/3\/2021\/01\/faq-dispocars-2048x2048.png 2048w\" sizes=\"(max-width: 35px) 100vw, 35px\" \/>\u00a0\u00bfC\u00f3mo recibir\u00e9 solicitudes de los clientes y c\u00f3mo puedo enviar ofertas?<\/h3>\n<p>Usted recibir\u00e1 todas las solicitudes directamente desde nuestro sistema por correo electr\u00f3nico y tambi\u00e9n las ver\u00e1 cuando inicie sesi\u00f3n en su cuenta de proveedor. Usted puede enviar ofertas directamente desde su cuenta de proveedor.[\/vc_column_text][\/vc_column][vc_column width=\u00bb1\/2&#8243;][vc_column_text]<\/p>\n<h3><img decoding=\"async\" class=\"alignnone wp-image-10165 size-full\" src=\"http:\/\/dispocars.de\/wp-content\/uploads\/2021\/01\/faq-dispocars.png\" alt=\"\" width=\"35\" height=\"35\" srcset=\"https:\/\/dispocars.de\/wp-content\/uploads\/sites\/3\/2021\/01\/faq-dispocars.png 35w, https:\/\/dispocars.de\/wp-content\/uploads\/sites\/3\/2021\/01\/faq-dispocars-300x300.png 300w, https:\/\/dispocars.de\/wp-content\/uploads\/sites\/3\/2021\/01\/faq-dispocars-1024x1024.png 1024w, https:\/\/dispocars.de\/wp-content\/uploads\/sites\/3\/2021\/01\/faq-dispocars-150x150.png 150w, https:\/\/dispocars.de\/wp-content\/uploads\/sites\/3\/2021\/01\/faq-dispocars-768x768.png 768w, https:\/\/dispocars.de\/wp-content\/uploads\/sites\/3\/2021\/01\/faq-dispocars-1536x1536.png 1536w, https:\/\/dispocars.de\/wp-content\/uploads\/sites\/3\/2021\/01\/faq-dispocars-2048x2048.png 2048w\" sizes=\"(max-width: 35px) 100vw, 35px\" \/>\u00a0\u00bfQui\u00e9n determina los precios de cada trabajo?<\/h3>\n<p>You will receive all requests directly from our system by email and also see them when you log into your Supplier account. You can make offers directly on your Supplier account.[\/vc_column_text][vc_empty_space height=\u00bb20px\u00bb][vc_separator][vc_empty_space height=\u00bb1px\u00bb][vc_column_text]<\/p>\n<h3><img decoding=\"async\" class=\"alignnone size-full wp-image-10165\" src=\"http:\/\/dispocars.de\/wp-content\/uploads\/2021\/01\/faq-dispocars.png\" alt=\"\" width=\"35\" height=\"35\" srcset=\"https:\/\/dispocars.de\/wp-content\/uploads\/sites\/3\/2021\/01\/faq-dispocars.png 35w, https:\/\/dispocars.de\/wp-content\/uploads\/sites\/3\/2021\/01\/faq-dispocars-300x300.png 300w, https:\/\/dispocars.de\/wp-content\/uploads\/sites\/3\/2021\/01\/faq-dispocars-1024x1024.png 1024w, https:\/\/dispocars.de\/wp-content\/uploads\/sites\/3\/2021\/01\/faq-dispocars-150x150.png 150w, https:\/\/dispocars.de\/wp-content\/uploads\/sites\/3\/2021\/01\/faq-dispocars-768x768.png 768w, https:\/\/dispocars.de\/wp-content\/uploads\/sites\/3\/2021\/01\/faq-dispocars-1536x1536.png 1536w, https:\/\/dispocars.de\/wp-content\/uploads\/sites\/3\/2021\/01\/faq-dispocars-2048x2048.png 2048w\" sizes=\"(max-width: 35px) 100vw, 35px\" \/>\u00a0\u00bfQui\u00e9n determina los precios de cada trabajo?<\/h3>\n<p>Usted decide el precio que ofrecer\u00e1 para una solicitud espec\u00edfica de un cliente. Cuanto mejor sea el precio que usted ofrezca, mayor ser\u00e1 la probabilidad de que el cliente lo seleccione como proveedor.[\/vc_column_text][\/vc_column][\/vc_row]<\/p>\n<\/div>","protected":false},"excerpt":{"rendered":"<p>[vc_row full_width=\u00bbstretch_row_content_no_spaces\u00bb css=\u00bb.vc_custom_1609783691711{padding-top: 150px !important;padding-bottom: 150px !important;background-image: url(http:\/\/dispocars.de\/wp-content\/uploads\/2021\/01\/become-partner-passenger-transportation-2-1.jpg?id=9912) !important;background-position: center !important;background-repeat: no-repeat !important;background-size: cover !important;}\u00bb el_class=\u00bbtext-center st-become-banner\u00bb][vc_column][vc_column_text] \u00bfDesea ganar m\u00e1s<\/p>\n","protected":false},"author":1,"featured_media":0,"parent":0,"menu_order":0,"comment_status":"closed","ping_status":"closed","template":"","meta":{"footnotes":""},"_links":{"self":[{"href":"https:\/\/dispocars.de\/es\/wp-json\/wp\/v2\/pages\/12880"}],"collection":[{"href":"https:\/\/dispocars.de\/es\/wp-json\/wp\/v2\/pages"}],"about":[{"href":"https:\/\/dispocars.de\/es\/wp-json\/wp\/v2\/types\/page"}],"author":[{"embeddable":true,"href":"https:\/\/dispocars.de\/es\/wp-json\/wp\/v2\/users\/1"}],"replies":[{"embeddable":true,"href":"https:\/\/dispocars.de\/es\/wp-json\/wp\/v2\/comments?post=12880"}],"version-history":[{"count":0,"href":"https:\/\/dispocars.de\/es\/wp-json\/wp\/v2\/pages\/12880\/revisions"}],"wp:attachment":[{"href":"https:\/\/dispocars.de\/es\/wp-json\/wp\/v2\/media?parent=12880"}],"curies":[{"name":"wp","href":"https:\/\/api.w.org\/{rel}","templated":true}]}}