{"id":19395,"date":"2021-02-05T17:50:12","date_gmt":"2021-02-05T15:50:12","guid":{"rendered":"http:\/\/de.dispocars.com\/traslados-aeropuerto-vilhelmina\/"},"modified":"2021-02-05T17:50:12","modified_gmt":"2021-02-05T15:50:12","slug":"traslados-aeropuerto-vilhelmina","status":"publish","type":"page","link":"https:\/\/dispocars.de\/es\/traslados-aeropuerto-vilhelmina\/","title":{"rendered":"Traslados al Aeropuerto de Vilhelmina"},"content":{"rendered":"<div class=\"wpb-content-wrapper\"><p>[vc_row][vc_column][vc_column_text][quform id=\u00bb11&#8243; name=\u00bbTransfers ES\u00bb][\/vc_column_text][vc_empty_space height=\u00bb5px\u00bb][vc_custom_heading text=\u00bb1 Solicitud = M\u00e1s de 30 ofertas de empresas de transporte locales\u00bb font_container=\u00bbtag:h2|text_align:center\u00bb use_theme_fonts=\u00bbyes\u00bb][vc_empty_space height=\u00bb10px\u00bb][vc_separator][vc_empty_space height=\u00bb10px\u00bb][\/vc_column][\/vc_row][vc_row][vc_column width=\u00bb1\/2&#8243;][vc_column_text]<\/p>\n<h1>Traslados al aeropuerto de Vilhelmina<\/h1>\n<p>Reserve su traslado al aeropuerto de Vilhelmina de una manera diferente. Es muy sencillo, s\u00f3lo tiene que hacer una solicitud en nuestro sistema y recibir\u00e1 cientos de ofertas de los mejores proveedores de servicios locales en la zona que elija.<\/p>\n<p>Al elegir su traslado al <em><strong>aeropuerto de Vilhelmina<\/strong><\/em> con nosotros, usted obtendr\u00e1 el mejor precio posible en el mercado. Nosotros nos aseguramos de que usted reciba incre\u00edbles precios de los mejores proveedores de servicios locales.<\/p>\n<h3>\u00bfPor qu\u00e9 elegir DispoCars para su traslado al aeropuerto de Vilhelmina?<\/h3>\n<p>Hemos estado en el sector de los traslados desde 2012, y lo hemos visto y experimentado todo. Con una s\u00f3lida experiencia internacional y un importante historial de gesti\u00f3n de transporte, nuestro equipo sabe lo que se necesita para ofrecer el mejor servicio posible a un precio razonable. Para saber m\u00e1s sobre nosotros, de clic aqu\u00ed. <a href=\"http:\/\/dispocars.de\/es\/sobre-nosotras\/\">M\u00e1s sobre nosotros haga clic aqu\u00ed. <\/a>[\/vc_column_text][\/vc_column][vc_column width=\u00bb1\/2&#8243;][vc_single_image image=\u00bb10096&#8243; img_size=\u00bbfull\u00bb][\/vc_column][\/vc_row][vc_row][vc_column][vc_empty_space height=\u00bb20px\u00bb][vc_separator][vc_empty_space height=\u00bb5px\u00bb][vc_column_text]<\/p>\n<h2 style=\"text-align: center;\">Traslado privado al aeropuerto de Vilhelmina con el mejor precio<\/h2>\n<p>[\/vc_column_text][vc_empty_space height=\u00bb20px\u00bb][vc_column_text]Somos una empresa local aqu\u00ed en Vilhelmina, Suecia, es por eso que podemos ofrecerle el mejor precio del mercado. Y tambi\u00e9n conocemos a los mejores proveedores de servicios, lo que nos convierte en el complemento perfecto para su servicio de traslados privados al aeropuerto de Vilhelmina. Servicio de taxi en Vilhelmina o servicio de ch\u00f3fer privado en Vilhelmina para sus traslados de vacaciones, lo tenemos todo.<\/p>\n<h3>Probado y con la mejor pol\u00edtica de cancelaci\u00f3n del mundo<\/h3>\n<p><a href=\"http:\/\/dispocars.de\/es\/\">DispoCars<\/a> es su mejor opci\u00f3n en cuanto a servicios de traslado. En nuestro sistema s\u00f3lo tenemos proveedores de servicios probados y verificados. Proporcionamos un servicio de atenci\u00f3n al cliente 24\/7 y una pol\u00edtica de cancelaci\u00f3n muy flexible en la que, en una situaci\u00f3n normal, usted puede cancelar su traslado incluso 10 minutos antes de su traslado si el conductor no ha iniciado ya el servicio.<\/p>\n<p>Reserve su traslado en taxi al aeropuerto de Vilhelmina con nosotros y obtenga el mejor servicio al mejor precio.[\/vc_column_text][vc_separator][vc_empty_space height=\u00bb5px\u00bb][\/vc_column][\/vc_row][vc_row][vc_column][vc_column_text]Aqu\u00ed est\u00e1n todos los tipos de veh\u00edculos que usted puede solicitar en nuestro sistema:[\/vc_column_text][vc_row_inner][vc_column_inner width=\u00bb1\/3&#8243;][vc_column_text]<\/p>\n<ul>\n<li><img decoding=\"async\" class=\"alignnone size-full wp-image-10371\" src=\"http:\/\/dispocars.de\/wp-content\/uploads\/2021\/01\/economy_sedan.png\" alt=\"Sed\u00e1n econ\u00f3mico DispoCars\" width=\"50\" height=\"50\" srcset=\"https:\/\/dispocars.de\/wp-content\/uploads\/sites\/3\/2021\/01\/economy_sedan.png 50w, https:\/\/dispocars.de\/wp-content\/uploads\/sites\/3\/2021\/01\/economy_sedan-300x300.png 300w, https:\/\/dispocars.de\/wp-content\/uploads\/sites\/3\/2021\/01\/economy_sedan-1024x1024.png 1024w, https:\/\/dispocars.de\/wp-content\/uploads\/sites\/3\/2021\/01\/economy_sedan-150x150.png 150w, https:\/\/dispocars.de\/wp-content\/uploads\/sites\/3\/2021\/01\/economy_sedan-768x768.png 768w, https:\/\/dispocars.de\/wp-content\/uploads\/sites\/3\/2021\/01\/economy_sedan-1536x1536.png 1536w, https:\/\/dispocars.de\/wp-content\/uploads\/sites\/3\/2021\/01\/economy_sedan-2048x2048.png 2048w\" sizes=\"(max-width: 50px) 100vw, 50px\" \/> Sed\u00e1n econ\u00f3mico<\/li>\n<li><img decoding=\"async\" class=\"alignnone size-full wp-image-10357\" src=\"http:\/\/dispocars.de\/wp-content\/uploads\/2021\/01\/economy_minivan.png\" alt=\"Monovolumen econ\u00f3mico DispoCars\" width=\"50\" height=\"50\" srcset=\"https:\/\/dispocars.de\/wp-content\/uploads\/sites\/3\/2021\/01\/economy_minivan.png 50w, https:\/\/dispocars.de\/wp-content\/uploads\/sites\/3\/2021\/01\/economy_minivan-300x300.png 300w, https:\/\/dispocars.de\/wp-content\/uploads\/sites\/3\/2021\/01\/economy_minivan-1024x1024.png 1024w, https:\/\/dispocars.de\/wp-content\/uploads\/sites\/3\/2021\/01\/economy_minivan-150x150.png 150w, https:\/\/dispocars.de\/wp-content\/uploads\/sites\/3\/2021\/01\/economy_minivan-768x768.png 768w, https:\/\/dispocars.de\/wp-content\/uploads\/sites\/3\/2021\/01\/economy_minivan-1536x1536.png 1536w, https:\/\/dispocars.de\/wp-content\/uploads\/sites\/3\/2021\/01\/economy_minivan-2048x2048.png 2048w\" sizes=\"(max-width: 50px) 100vw, 50px\" \/> Monovolumen econ\u00f3mico<\/li>\n<li><img decoding=\"async\" class=\"alignnone size-full wp-image-10343\" src=\"http:\/\/dispocars.de\/wp-content\/uploads\/2021\/01\/busines_sedan.png\" alt=\"Sed\u00e1n de negocios Dispocars\" width=\"50\" height=\"50\" srcset=\"https:\/\/dispocars.de\/wp-content\/uploads\/sites\/3\/2021\/01\/busines_sedan.png 50w, https:\/\/dispocars.de\/wp-content\/uploads\/sites\/3\/2021\/01\/busines_sedan-300x300.png 300w, https:\/\/dispocars.de\/wp-content\/uploads\/sites\/3\/2021\/01\/busines_sedan-1024x1024.png 1024w, https:\/\/dispocars.de\/wp-content\/uploads\/sites\/3\/2021\/01\/busines_sedan-150x150.png 150w, https:\/\/dispocars.de\/wp-content\/uploads\/sites\/3\/2021\/01\/busines_sedan-768x768.png 768w, https:\/\/dispocars.de\/wp-content\/uploads\/sites\/3\/2021\/01\/busines_sedan-1536x1536.png 1536w, https:\/\/dispocars.de\/wp-content\/uploads\/sites\/3\/2021\/01\/busines_sedan-2048x2048.png 2048w\" sizes=\"(max-width: 50px) 100vw, 50px\" \/> Sed\u00e1n de negocios<\/li>\n<\/ul>\n<p>[\/vc_column_text][\/vc_column_inner][vc_column_inner width=\u00bb1\/3&#8243;][vc_column_text]<\/p>\n<ul>\n<li><img decoding=\"async\" class=\"alignnone size-full wp-image-10329\" src=\"http:\/\/dispocars.de\/wp-content\/uploads\/2021\/01\/busines_minivan.png\" alt=\"Minivan de negocios Dispocars\" width=\"50\" height=\"50\" srcset=\"https:\/\/dispocars.de\/wp-content\/uploads\/sites\/3\/2021\/01\/busines_minivan.png 50w, https:\/\/dispocars.de\/wp-content\/uploads\/sites\/3\/2021\/01\/busines_minivan-300x300.png 300w, https:\/\/dispocars.de\/wp-content\/uploads\/sites\/3\/2021\/01\/busines_minivan-1024x1024.png 1024w, https:\/\/dispocars.de\/wp-content\/uploads\/sites\/3\/2021\/01\/busines_minivan-150x150.png 150w, https:\/\/dispocars.de\/wp-content\/uploads\/sites\/3\/2021\/01\/busines_minivan-768x768.png 768w, https:\/\/dispocars.de\/wp-content\/uploads\/sites\/3\/2021\/01\/busines_minivan-1536x1536.png 1536w, https:\/\/dispocars.de\/wp-content\/uploads\/sites\/3\/2021\/01\/busines_minivan-2048x2048.png 2048w\" sizes=\"(max-width: 50px) 100vw, 50px\" \/> Minivan de negocios<\/li>\n<li><img decoding=\"async\" class=\"alignnone size-full wp-image-10399\" src=\"http:\/\/dispocars.de\/wp-content\/uploads\/2021\/01\/SUV.png\" alt=\"SUV Dispocars\" width=\"50\" height=\"50\" srcset=\"https:\/\/dispocars.de\/wp-content\/uploads\/sites\/3\/2021\/01\/SUV.png 50w, https:\/\/dispocars.de\/wp-content\/uploads\/sites\/3\/2021\/01\/SUV-300x300.png 300w, https:\/\/dispocars.de\/wp-content\/uploads\/sites\/3\/2021\/01\/SUV-1024x1024.png 1024w, https:\/\/dispocars.de\/wp-content\/uploads\/sites\/3\/2021\/01\/SUV-150x150.png 150w, https:\/\/dispocars.de\/wp-content\/uploads\/sites\/3\/2021\/01\/SUV-768x768.png 768w, https:\/\/dispocars.de\/wp-content\/uploads\/sites\/3\/2021\/01\/SUV-1536x1536.png 1536w, https:\/\/dispocars.de\/wp-content\/uploads\/sites\/3\/2021\/01\/SUV-2048x2048.png 2048w\" sizes=\"(max-width: 50px) 100vw, 50px\" \/> SUV<\/li>\n<li><img decoding=\"async\" class=\"alignnone size-full wp-image-10385\" src=\"http:\/\/dispocars.de\/wp-content\/uploads\/2021\/01\/minibus.png\" alt=\"Microb\u00fas Dispocars\" width=\"50\" height=\"50\" srcset=\"https:\/\/dispocars.de\/wp-content\/uploads\/sites\/3\/2021\/01\/minibus.png 50w, https:\/\/dispocars.de\/wp-content\/uploads\/sites\/3\/2021\/01\/minibus-300x300.png 300w, https:\/\/dispocars.de\/wp-content\/uploads\/sites\/3\/2021\/01\/minibus-1024x1024.png 1024w, https:\/\/dispocars.de\/wp-content\/uploads\/sites\/3\/2021\/01\/minibus-150x150.png 150w, https:\/\/dispocars.de\/wp-content\/uploads\/sites\/3\/2021\/01\/minibus-768x768.png 768w, https:\/\/dispocars.de\/wp-content\/uploads\/sites\/3\/2021\/01\/minibus-1536x1536.png 1536w, https:\/\/dispocars.de\/wp-content\/uploads\/sites\/3\/2021\/01\/minibus-2048x2048.png 2048w\" sizes=\"(max-width: 50px) 100vw, 50px\" \/> Microb\u00fas<\/li>\n<\/ul>\n<p>[\/vc_column_text][\/vc_column_inner][vc_column_inner width=\u00bb1\/3&#8243;][vc_column_text]<\/p>\n<ul>\n<li><img decoding=\"async\" class=\"alignnone size-full wp-image-10315\" src=\"http:\/\/dispocars.de\/wp-content\/uploads\/2021\/01\/bus.png\" alt=\"Autob\u00fas DispoCars\" width=\"50\" height=\"50\" srcset=\"https:\/\/dispocars.de\/wp-content\/uploads\/sites\/3\/2021\/01\/bus.png 50w, https:\/\/dispocars.de\/wp-content\/uploads\/sites\/3\/2021\/01\/bus-300x300.png 300w, https:\/\/dispocars.de\/wp-content\/uploads\/sites\/3\/2021\/01\/bus-1024x1024.png 1024w, https:\/\/dispocars.de\/wp-content\/uploads\/sites\/3\/2021\/01\/bus-150x150.png 150w, https:\/\/dispocars.de\/wp-content\/uploads\/sites\/3\/2021\/01\/bus-768x768.png 768w, https:\/\/dispocars.de\/wp-content\/uploads\/sites\/3\/2021\/01\/bus-1536x1536.png 1536w, https:\/\/dispocars.de\/wp-content\/uploads\/sites\/3\/2021\/01\/bus-2048x2048.png 2048w\" sizes=\"(max-width: 50px) 100vw, 50px\" \/> Autob\u00fas<\/li>\n<li><img decoding=\"async\" class=\"alignnone size-full wp-image-10413\" src=\"http:\/\/dispocars.de\/wp-content\/uploads\/2021\/01\/VIP.png\" alt=\"VIP DispoCars\" width=\"50\" height=\"50\" srcset=\"https:\/\/dispocars.de\/wp-content\/uploads\/sites\/3\/2021\/01\/VIP.png 50w, https:\/\/dispocars.de\/wp-content\/uploads\/sites\/3\/2021\/01\/VIP-300x300.png 300w, https:\/\/dispocars.de\/wp-content\/uploads\/sites\/3\/2021\/01\/VIP-1024x1024.png 1024w, https:\/\/dispocars.de\/wp-content\/uploads\/sites\/3\/2021\/01\/VIP-150x150.png 150w, https:\/\/dispocars.de\/wp-content\/uploads\/sites\/3\/2021\/01\/VIP-768x768.png 768w, https:\/\/dispocars.de\/wp-content\/uploads\/sites\/3\/2021\/01\/VIP-1536x1536.png 1536w, https:\/\/dispocars.de\/wp-content\/uploads\/sites\/3\/2021\/01\/VIP-2048x2048.png 2048w\" sizes=\"(max-width: 50px) 100vw, 50px\" \/> VIP<\/li>\n<\/ul>\n<p>[\/vc_column_text][\/vc_column_inner][\/vc_row_inner][\/vc_column][\/vc_row][vc_row][vc_column][vc_empty_space height=\u00bb5px\u00bb][vc_separator][vc_column_text]Haga la solicitud de su traslado al aeropuerto de Vilhelmina aqu\u00ed o utilice nuestra aplicaci\u00f3n de traslados al aeropuerto m\u00e1s avanzada del planeta. Compru\u00e9belo visitando los iconos en la parte inferior de esta p\u00e1gina web o simplemente visite la tienda de Apple o Google Play y busque DispoCars. Descargue y disfrute de su traslado al aeropuerto de Vilhelmina en un nivel completamente nuevo.<br \/>\nAs\u00ed que vaya y solicite su servicio de taxi en Vilhelmina, y reciba docenas de ofertas de los proveedores de servicios de autom\u00f3viles locales.<br \/>\nDisfrute de su servicio de transporte al aeropuerto de Vilhelmina con DispoCars.[\/vc_column_text][\/vc_column][\/vc_row][vc_row][vc_column][vc_column_text]<iframe class=\"page-generator-pro-map\" width=\"100%\" height=\"250\" frameborder=\"0\" style=\"border:0\" src=\"https:\/\/www.google.com\/maps\/embed\/v1\/place?q=Vilhelmina&#038;zoom=14&#038;maptype=roadmap&#038;key=AIzaSyCNTEOso0tZG6YMSJFoaJEY5Th1stEWrJI\" allowfullscreen><\/iframe>[\/vc_column_text][\/vc_column][\/vc_row]<\/p>\n<\/div>","protected":false},"excerpt":{"rendered":"<p>[vc_row][vc_column][vc_column_text][quform id=\u00bb11&#8243; name=\u00bbTransfers ES\u00bb][\/vc_column_text][vc_empty_space height=\u00bb5px\u00bb][vc_custom_heading text=\u00bb1 Solicitud = M\u00e1s de 30 ofertas de empresas de transporte locales\u00bb font_container=\u00bbtag:h2|text_align:center\u00bb use_theme_fonts=\u00bbyes\u00bb][vc_empty_space height=\u00bb10px\u00bb][vc_separator][vc_empty_space<\/p>\n","protected":false},"author":2,"featured_media":11439,"parent":0,"menu_order":0,"comment_status":"closed","ping_status":"closed","template":"template-home-modern.php","meta":{"footnotes":""},"_links":{"self":[{"href":"https:\/\/dispocars.de\/es\/wp-json\/wp\/v2\/pages\/19395"}],"collection":[{"href":"https:\/\/dispocars.de\/es\/wp-json\/wp\/v2\/pages"}],"about":[{"href":"https:\/\/dispocars.de\/es\/wp-json\/wp\/v2\/types\/page"}],"author":[{"embeddable":true,"href":"https:\/\/dispocars.de\/es\/wp-json\/wp\/v2\/users\/2"}],"replies":[{"embeddable":true,"href":"https:\/\/dispocars.de\/es\/wp-json\/wp\/v2\/comments?post=19395"}],"version-history":[{"count":0,"href":"https:\/\/dispocars.de\/es\/wp-json\/wp\/v2\/pages\/19395\/revisions"}],"wp:featuredmedia":[{"embeddable":true,"href":"https:\/\/dispocars.de\/es\/wp-json\/wp\/v2\/media\/11439"}],"wp:attachment":[{"href":"https:\/\/dispocars.de\/es\/wp-json\/wp\/v2\/media?parent=19395"}],"curies":[{"name":"wp","href":"https:\/\/api.w.org\/{rel}","templated":true}]}}