{"id":11154,"date":"2021-01-20T15:11:00","date_gmt":"2021-01-20T13:11:00","guid":{"rendered":"http:\/\/de.dispocars.com\/partner-olmak\/"},"modified":"2021-01-20T17:04:25","modified_gmt":"2021-01-20T15:04:25","slug":"partner-olmak","status":"publish","type":"page","link":"https:\/\/dispocars.de\/tr\/partner-olmak\/","title":{"rendered":"Partner olmak"},"content":{"rendered":"<div class=\"wpb-content-wrapper\"><p>[vc_row full_width=&#8221;stretch_row_content_no_spaces&#8221; css=&#8221;.vc_custom_1609783691711{padding-top: 150px !important;padding-bottom: 150px !important;background-image: url(http:\/\/dispocars.de\/wp-content\/uploads\/2021\/01\/become-partner-passenger-transportation-2-1.jpg?id=9912) !important;background-position: center !important;background-repeat: no-repeat !important;background-size: cover !important;}&#8221; el_class=&#8221;text-center st-become-banner&#8221;][vc_column][vc_column_text]<\/p>\n<h2 style=\"text-align: center;\"><span style=\"color: #ffffff;\">Yolcu ta\u015f\u0131mac\u0131l\u0131\u011f\u0131 i\u015finde \u00e7al\u0131\u015farak daha fazla para kazanmak ister misiniz<\/span><\/h2>\n<h4 style=\"text-align: center;\"><span style=\"color: #ffffff;\">Platformumuza kaydolun ve an\u0131nda yeni rezervasyonlar\/talepler almaya ba\u015flay\u0131n.<\/span><\/h4>\n<p>[\/vc_column_text][vc_column_text]<a class=\"signup btn btn-danger btn-lg\" href=\"http:\/\/dispocars.de\/supplier\/login\" target=\"_blank\" rel=\"noopener noreferrer\" data-toggle=\"modal\">\u015eimdi Kaydolun<\/a>[\/vc_column_text][\/vc_column][\/vc_row][vc_row][vc_column][vc_empty_space height=&#8221;45px&#8221;][vc_column_text]<\/p>\n<h2 style=\"text-align: center;\"><strong>Nas\u0131l \u00e7al\u0131\u015f\u0131yor?<\/strong><\/h2>\n<p>[\/vc_column_text][vc_empty_space height=&#8221;10px&#8221;][\/vc_column][\/vc_row][vc_row el_class=&#8221;st-number-box&#8221;][vc_column width=&#8221;1\/3&#8243;][vc_row_inner][vc_column_inner width=&#8221;1\/4&#8243;][vc_column_text el_class=&#8221;st-number-circle&#8221;]1[\/vc_column_text][\/vc_column_inner][vc_column_inner width=&#8221;3\/4&#8243;][vc_column_text]<\/p>\n<h3>Kaydolun<\/h3>\n<p>Gerekli t\u00fcm belgeleri y\u00fckleyin ve kaydedin.[\/vc_column_text][\/vc_column_inner][\/vc_row_inner][\/vc_column][vc_column width=&#8221;1\/3&#8243;][vc_row_inner][vc_column_inner width=&#8221;1\/4&#8243;][vc_column_text el_class=&#8221;st-number-circle&#8221;]2[\/vc_column_text][\/vc_column_inner][vc_column_inner width=&#8221;3\/4&#8243;][vc_column_text]<\/p>\n<h3>Ara\u00e7lar\u0131n\u0131z\u0131 ekleyin<\/h3>\n<p>Filonuz ve fiyatland\u0131rman\u0131z hakk\u0131ndaki t\u00fcm bilgileri ekleyin.[\/vc_column_text][\/vc_column_inner][\/vc_row_inner][\/vc_column][vc_column width=&#8221;1\/3&#8243;][vc_row_inner][vc_column_inner width=&#8221;1\/4&#8243;][vc_column_text el_class=&#8221;st-number-circle&#8221;]3[\/vc_column_text][\/vc_column_inner][vc_column_inner width=&#8221;3\/4&#8243;][vc_column_text]<\/p>\n<h3>Rezervasyon ve talep al\u0131n<\/h3>\n<p>M\u00fc\u015fterilerden rezervasyon ve ula\u015f\u0131m hizmeti talebi almaya ba\u015flay\u0131n.[\/vc_column_text][\/vc_column_inner][\/vc_row_inner][\/vc_column][\/vc_row][vc_row el_class=&#8221;st-become-feature-wrapper text-center&#8221;][vc_column][vc_empty_space height=&#8221;20px&#8221;][vc_single_image image=&#8221;11232&#8243; img_size=&#8221;full&#8221; alignment=&#8221;center&#8221;][vc_empty_space height=&#8221;40px&#8221;][vc_column_text]<\/p>\n<h2 style=\"text-align: center;\"><strong>Neden Yerel Uzman olmal\u0131s\u0131n\u0131z?<br \/>\n<\/strong><\/h2>\n<p>[\/vc_column_text][vc_empty_space height=&#8221;15px&#8221;][vc_row_inner el_class=&#8221;st-become-feature text-center&#8221;][vc_column_inner el_class=&#8221;column1&#8243; width=&#8221;1\/3&#8243;][vc_single_image image=&#8221;10462&#8243; img_size=&#8221;full&#8221; alignment=&#8221;center&#8221;][vc_column_text css=&#8221;.vc_custom_1610458595973{padding-top: 0.5px !important;}&#8221;]<\/p>\n<h3>Yerel Uzman olarak ek gelir elde edin.<\/h3>\n<p>[\/vc_column_text][vc_column_text]\u0130\u015finizi bizimle birlikte b\u00fcy\u00fct\u00fcn ve yol boyunca para kazan\u0131n.[\/vc_column_text][\/vc_column_inner][vc_column_inner width=&#8221;1\/3&#8243;][vc_single_image image=&#8221;10476&#8243; img_size=&#8221;full&#8221; alignment=&#8221;center&#8221;][vc_column_text css=&#8221;.vc_custom_1610459227945{padding-top: 3px !important;}&#8221;]<\/p>\n<h3>D\u00fcnya \u00e7ap\u0131nda bir a\u011f\u0131n par\u00e7as\u0131 olun.<\/h3>\n<p>[\/vc_column_text][vc_column_text]D\u00fcnyan\u0131n en b\u00fcy\u00fck yolcu ta\u015f\u0131mac\u0131l\u0131\u011f\u0131 a\u011f\u0131n\u0131n bir par\u00e7as\u0131 olun.[\/vc_column_text][\/vc_column_inner][vc_column_inner width=&#8221;1\/3&#8243;][vc_single_image image=&#8221;10490&#8243; img_size=&#8221;full&#8221; alignment=&#8221;center&#8221;][vc_column_text css=&#8221;.vc_custom_1610459233875{padding-top: 2px !important;}&#8221;]<\/p>\n<h3>Teknoloji ile geli\u015fin.<\/h3>\n<p>[\/vc_column_text][vc_column_text]Teknoloji \u00e7\u00f6z\u00fcmlerimizle i\u015fletmenizi yeni boyutlara ta\u015f\u0131y\u0131n.[\/vc_column_text][\/vc_column_inner][\/vc_row_inner][vc_empty_space height=&#8221;15px&#8221;][vc_column_text]<a class=\"signup btn btn-danger btn-lg\" href=\"http:\/\/dispocars.de\/supplier\/login\" target=\"_blank\" rel=\"noopener noreferrer\" data-toggle=\"modal\">\u015eimdi Kaydolun<\/a>[\/vc_column_text][vc_empty_space height=&#8221;45px&#8221;][vc_separator border_width=&#8221;2&#8243;][vc_empty_space height=&#8221;1px&#8221;][vc_column_text]<\/p>\n<h2 style=\"text-align: center;\"><strong>SSS<\/strong><\/h2>\n<p>[\/vc_column_text][\/vc_column][\/vc_row][vc_row el_class=&#8221;st-become-faqs&#8221;][vc_column width=&#8221;1\/2&#8243;][vc_column_text]<\/p>\n<h3><img decoding=\"async\" class=\"alignnone size-full wp-image-10165\" src=\"http:\/\/dispocars.de\/wp-content\/uploads\/2021\/01\/faq-dispocars.png\" alt=\"\" width=\"35\" height=\"35\" srcset=\"https:\/\/dispocars.de\/wp-content\/uploads\/sites\/3\/2021\/01\/faq-dispocars.png 35w, https:\/\/dispocars.de\/wp-content\/uploads\/sites\/3\/2021\/01\/faq-dispocars-300x300.png 300w, https:\/\/dispocars.de\/wp-content\/uploads\/sites\/3\/2021\/01\/faq-dispocars-1024x1024.png 1024w, https:\/\/dispocars.de\/wp-content\/uploads\/sites\/3\/2021\/01\/faq-dispocars-150x150.png 150w, https:\/\/dispocars.de\/wp-content\/uploads\/sites\/3\/2021\/01\/faq-dispocars-768x768.png 768w, https:\/\/dispocars.de\/wp-content\/uploads\/sites\/3\/2021\/01\/faq-dispocars-1536x1536.png 1536w, https:\/\/dispocars.de\/wp-content\/uploads\/sites\/3\/2021\/01\/faq-dispocars-2048x2048.png 2048w\" sizes=\"(max-width: 35px) 100vw, 35px\" \/>\u00a0Dispocars&#8217;a kimler kaydolabilir?<\/h3>\n<p>Ara\u00e7 sahibi (otomobil, minivan, minib\u00fcs, otob\u00fcs, limuzin vb.), ta\u015f\u0131ma ruhsat\u0131 ve \u015firket veya serbest meslek sahibi olarak kayd\u0131 olan herkes.[\/vc_column_text][vc_empty_space height=&#8221;50px&#8221;][vc_separator][vc_empty_space height=&#8221;1px&#8221;][vc_column_text]<\/p>\n<h3><img decoding=\"async\" class=\"alignnone wp-image-10165 size-full\" src=\"http:\/\/dispocars.de\/wp-content\/uploads\/2021\/01\/faq-dispocars.png\" alt=\"\" width=\"35\" height=\"35\" srcset=\"https:\/\/dispocars.de\/wp-content\/uploads\/sites\/3\/2021\/01\/faq-dispocars.png 35w, https:\/\/dispocars.de\/wp-content\/uploads\/sites\/3\/2021\/01\/faq-dispocars-300x300.png 300w, https:\/\/dispocars.de\/wp-content\/uploads\/sites\/3\/2021\/01\/faq-dispocars-1024x1024.png 1024w, https:\/\/dispocars.de\/wp-content\/uploads\/sites\/3\/2021\/01\/faq-dispocars-150x150.png 150w, https:\/\/dispocars.de\/wp-content\/uploads\/sites\/3\/2021\/01\/faq-dispocars-768x768.png 768w, https:\/\/dispocars.de\/wp-content\/uploads\/sites\/3\/2021\/01\/faq-dispocars-1536x1536.png 1536w, https:\/\/dispocars.de\/wp-content\/uploads\/sites\/3\/2021\/01\/faq-dispocars-2048x2048.png 2048w\" sizes=\"(max-width: 35px) 100vw, 35px\" \/>\u00a0Ayda ka\u00e7 sipari\u015f alabilirim?<\/h3>\n<p>Sipari\u015f miktar\u0131, Tedarik\u00e7i olarak ne kadar etkin oldu\u011funuza ba\u011fl\u0131d\u0131r. Ara\u00e7lar\u0131n\u0131zla ilgili t\u00fcm bilgileri eksiksiz girmeniz, g\u00fczel foto\u011fraflar ile tan\u0131t\u0131m yapman\u0131z ve daha d\u00fc\u015f\u00fck fiyatlar sunman\u0131z Tedarik\u00e7i olarak derecenizi art\u0131racak ve bu da daha fazla sipari\u015f alman\u0131za yarayacakt\u0131r.[\/vc_column_text][\/vc_column][vc_column width=&#8221;1\/2&#8243;][vc_column_text]<\/p>\n<h3><img decoding=\"async\" class=\"alignnone wp-image-10165 size-full\" src=\"http:\/\/dispocars.de\/wp-content\/uploads\/2021\/01\/faq-dispocars.png\" alt=\"\" width=\"35\" height=\"35\" srcset=\"https:\/\/dispocars.de\/wp-content\/uploads\/sites\/3\/2021\/01\/faq-dispocars.png 35w, https:\/\/dispocars.de\/wp-content\/uploads\/sites\/3\/2021\/01\/faq-dispocars-300x300.png 300w, https:\/\/dispocars.de\/wp-content\/uploads\/sites\/3\/2021\/01\/faq-dispocars-1024x1024.png 1024w, https:\/\/dispocars.de\/wp-content\/uploads\/sites\/3\/2021\/01\/faq-dispocars-150x150.png 150w, https:\/\/dispocars.de\/wp-content\/uploads\/sites\/3\/2021\/01\/faq-dispocars-768x768.png 768w, https:\/\/dispocars.de\/wp-content\/uploads\/sites\/3\/2021\/01\/faq-dispocars-1536x1536.png 1536w, https:\/\/dispocars.de\/wp-content\/uploads\/sites\/3\/2021\/01\/faq-dispocars-2048x2048.png 2048w\" sizes=\"(max-width: 35px) 100vw, 35px\" \/>\u00a0M\u00fc\u015fterilerimden nas\u0131l talep alabilirim ve nas\u0131l teklif verebilirim?<\/h3>\n<p>T\u00fcm talepleri sistemimizden e-posta yoluyla alacaks\u0131n\u0131z ve ayr\u0131ca Tedarik\u00e7i hesab\u0131n\u0131za giri\u015f yapt\u0131\u011f\u0131n\u0131zda da mesajlar\u0131 g\u00f6receksiniz. Tedarik\u00e7i hesab\u0131n\u0131zdan direkt olarak teklif yapabilirsiniz.[\/vc_column_text][vc_empty_space height=&#8221;10px&#8221;][vc_separator][vc_empty_space height=&#8221;1px&#8221;][vc_column_text]<\/p>\n<h3><img decoding=\"async\" class=\"alignnone size-full wp-image-10165\" src=\"http:\/\/dispocars.de\/wp-content\/uploads\/2021\/01\/faq-dispocars.png\" alt=\"\" width=\"35\" height=\"35\" srcset=\"https:\/\/dispocars.de\/wp-content\/uploads\/sites\/3\/2021\/01\/faq-dispocars.png 35w, https:\/\/dispocars.de\/wp-content\/uploads\/sites\/3\/2021\/01\/faq-dispocars-300x300.png 300w, https:\/\/dispocars.de\/wp-content\/uploads\/sites\/3\/2021\/01\/faq-dispocars-1024x1024.png 1024w, https:\/\/dispocars.de\/wp-content\/uploads\/sites\/3\/2021\/01\/faq-dispocars-150x150.png 150w, https:\/\/dispocars.de\/wp-content\/uploads\/sites\/3\/2021\/01\/faq-dispocars-768x768.png 768w, https:\/\/dispocars.de\/wp-content\/uploads\/sites\/3\/2021\/01\/faq-dispocars-1536x1536.png 1536w, https:\/\/dispocars.de\/wp-content\/uploads\/sites\/3\/2021\/01\/faq-dispocars-2048x2048.png 2048w\" sizes=\"(max-width: 35px) 100vw, 35px\" \/>\u00a0Her i\u015f i\u00e7in fiyatlar\u0131 kim belirliyor?<\/h3>\n<p>M\u00fc\u015fteriden gelen belirli bir talep i\u00e7in hangi fiyat\u0131 sunaca\u011f\u0131n\u0131za siz karar verirsiniz. Ne kadar iyi fiyat sunarsan\u0131z, m\u00fc\u015fterinin sizi Tedarik\u00e7i olarak tercih etme ihtimali o kadar artar.[\/vc_column_text][\/vc_column][\/vc_row]<\/p>\n<\/div>","protected":false},"excerpt":{"rendered":"<p>[vc_row full_width=&#8221;stretch_row_content_no_spaces&#8221; css=&#8221;.vc_custom_1609783691711{padding-top: 150px !important;padding-bottom: 150px !important;background-image: url(http:\/\/dispocars.de\/wp-content\/uploads\/2021\/01\/become-partner-passenger-transportation-2-1.jpg?id=9912) !important;background-position: center !important;background-repeat: no-repeat !important;background-size: cover !important;}&#8221; el_class=&#8221;text-center st-become-banner&#8221;][vc_column][vc_column_text] Yolcu ta\u015f\u0131mac\u0131l\u0131\u011f\u0131 i\u015finde<\/p>\n","protected":false},"author":1,"featured_media":0,"parent":0,"menu_order":0,"comment_status":"closed","ping_status":"closed","template":"","meta":{"footnotes":""},"_links":{"self":[{"href":"https:\/\/dispocars.de\/tr\/wp-json\/wp\/v2\/pages\/11154"}],"collection":[{"href":"https:\/\/dispocars.de\/tr\/wp-json\/wp\/v2\/pages"}],"about":[{"href":"https:\/\/dispocars.de\/tr\/wp-json\/wp\/v2\/types\/page"}],"author":[{"embeddable":true,"href":"https:\/\/dispocars.de\/tr\/wp-json\/wp\/v2\/users\/1"}],"replies":[{"embeddable":true,"href":"https:\/\/dispocars.de\/tr\/wp-json\/wp\/v2\/comments?post=11154"}],"version-history":[{"count":0,"href":"https:\/\/dispocars.de\/tr\/wp-json\/wp\/v2\/pages\/11154\/revisions"}],"wp:attachment":[{"href":"https:\/\/dispocars.de\/tr\/wp-json\/wp\/v2\/media?parent=11154"}],"curies":[{"name":"wp","href":"https:\/\/api.w.org\/{rel}","templated":true}]}}