{"id":11165,"date":"2021-01-20T15:32:33","date_gmt":"2021-01-20T13:32:33","guid":{"rendered":"http:\/\/de.dispocars.com\/bizimle-calis\/"},"modified":"2021-01-20T17:08:01","modified_gmt":"2021-01-20T15:08:01","slug":"bizimle-calis","status":"publish","type":"page","link":"https:\/\/dispocars.de\/tr\/bizimle-calis\/","title":{"rendered":"Bizimle \u00e7al\u0131\u015f"},"content":{"rendered":"<div class=\"wpb-content-wrapper\"><p>[vc_row][vc_column][vc_empty_space height=&#8221;45px&#8221;][vc_column_text]<\/p>\n<h2 style=\"text-align: center\"><strong>Neler sunuyoruz?<\/strong><\/h2>\n<p>[\/vc_column_text][vc_empty_space height=&#8221;10px&#8221;][\/vc_column][\/vc_row][vc_row el_class=&#8221;st-become-feature-wrapper text-center&#8221;][vc_column][vc_empty_space height=&#8221;20px&#8221;][vc_single_image image=&#8221;11253&#8243; img_size=&#8221;full&#8221; alignment=&#8221;center&#8221;][vc_empty_space height=&#8221;15px&#8221;][\/vc_column][\/vc_row]<\/p>\n<\/div>","protected":false},"excerpt":{"rendered":"<p>[vc_row][vc_column][vc_empty_space height=&#8221;45px&#8221;][vc_column_text] Neler sunuyoruz? [\/vc_column_text][vc_empty_space height=&#8221;10px&#8221;][\/vc_column][\/vc_row][vc_row el_class=&#8221;st-become-feature-wrapper text-center&#8221;][vc_column][vc_empty_space height=&#8221;20px&#8221;][vc_single_image image=&#8221;11253&#8243; img_size=&#8221;full&#8221; alignment=&#8221;center&#8221;][vc_empty_space height=&#8221;15px&#8221;][\/vc_column][\/vc_row]<\/p>\n","protected":false},"author":2,"featured_media":9925,"parent":0,"menu_order":0,"comment_status":"closed","ping_status":"closed","template":"template-home-modern.php","meta":{"footnotes":""},"_links":{"self":[{"href":"https:\/\/dispocars.de\/tr\/wp-json\/wp\/v2\/pages\/11165"}],"collection":[{"href":"https:\/\/dispocars.de\/tr\/wp-json\/wp\/v2\/pages"}],"about":[{"href":"https:\/\/dispocars.de\/tr\/wp-json\/wp\/v2\/types\/page"}],"author":[{"embeddable":true,"href":"https:\/\/dispocars.de\/tr\/wp-json\/wp\/v2\/users\/2"}],"replies":[{"embeddable":true,"href":"https:\/\/dispocars.de\/tr\/wp-json\/wp\/v2\/comments?post=11165"}],"version-history":[{"count":0,"href":"https:\/\/dispocars.de\/tr\/wp-json\/wp\/v2\/pages\/11165\/revisions"}],"wp:featuredmedia":[{"embeddable":true,"href":"https:\/\/dispocars.de\/tr\/wp-json\/wp\/v2\/media\/9925"}],"wp:attachment":[{"href":"https:\/\/dispocars.de\/tr\/wp-json\/wp\/v2\/media?parent=11165"}],"curies":[{"name":"wp","href":"https:\/\/api.w.org\/{rel}","templated":true}]}}